{"id":727,"date":"2014-01-06T00:18:04","date_gmt":"2014-01-05T23:18:04","guid":{"rendered":"http:\/\/laphilo.com\/blog\/?page_id=727"},"modified":"2014-01-09T11:31:07","modified_gmt":"2014-01-09T10:31:07","slug":"les-cours-mooc","status":"publish","type":"page","link":"https:\/\/laphilo.com\/blog\/atelier-sciencespo\/les-cours-mooc\/","title":{"rendered":"Les cours MOOC"},"content":{"rendered":"<section><img decoding=\"async\" alt=\"\" src=\"https:\/\/www.france-universite-numerique-mooc.fr\/static\/themes\/fun\/images\/university\/banners\/sciencespo.21764b4b23e5.jpg\" \/><\/p>\n<header><img decoding=\"async\" class=\"aligncenter\" alt=\"\" src=\"https:\/\/www.france-universite-numerique-mooc.fr\/static\/themes\/fun\/images\/university\/logos\/sciencespo.a373fc2e097a.png\" \/><\/header>\n<\/section>\n<section>\n<p style=\"text-align: justify;\">Sciences Po est une institution d\u2019enseignement sup\u00e9rieur et de recherche en sciences humaines et sociales qui consacre 35% de son budget \u00e0 la recherche.<\/p>\n<p style=\"text-align: justify;\">Fond\u00e9e en 1871, elle forme depuis 140 ans les responsables de demain, dans le secteur priv\u00e9 comme dans la haute administration, la politique et la recherche.<\/p>\n<p style=\"text-align: justify;\">Sciences Po se caract\u00e9rise par une internationalisation pouss\u00e9e : sur les 12 000 \u00e9tudiants que compte l\u2019\u00e9tablissement, 46% sont des \u00e9tudiants internationaux et viennent de plus de 150 pays. Sciences Po investit dans la responsabilit\u00e9 sociale et fait de la diversit\u00e9 sociale et culturelle une composante structurante de son identit\u00e9. 27 % des \u00e9tudiants \u00e9ligibles sont boursiers \u00e0 Sciences Po. Ils \u00e9taient 6% en l\u2019an 2000.<\/p>\n<p style=\"text-align: justify;\">Sciences Po contribue au d\u00e9bat public par sa recherche et par la vari\u00e9t\u00e9 des d\u00e9bats et conf\u00e9rences qui y sont organis\u00e9s chaque ann\u00e9e.<\/p>\n<p style=\"text-align: justify;\">Depuis une dizaine d\u2019ann\u00e9es, Sciences Po s\u2019emploie \u00e0 int\u00e9grer les outils num\u00e9riques \u00e0 ses enseignements (espaces de travail partag\u00e9s, eCours, Moodle, Cartoth\u00e8que en ligne, cartographie des controverses, projet Forccast etc.) et s\u2019est donc naturellement int\u00e9ress\u00e9 au format propos\u00e9 par les MOOCs et aux nouvelles possibilit\u00e9s offertes en mati\u00e8re d\u2019innovation p\u00e9dagogique.<\/p>\n<p style=\"text-align: justify;\">Une exp\u00e9rimentation est ainsi lanc\u00e9e sur deux cours pilotes &#8211; Espace mondial de Bertrand Badie et Humanit\u00e9s scientifiques de Bruno Latour &#8211; pr\u00e9sentant l\u2019int\u00e9r\u00eat commun d\u2019\u00eatre des projets p\u00e9dagogiques ambitieux et innovants, aux contenus transdisciplinaires et originaux, sans pr\u00e9requis.<\/p>\n<\/section>\n<section>\n<section>\n<ul>\n<li>\n<article id=\"SciencesPo\/05001\/Trimestre_1_2014\">\n<header>\n<hgroup>\n<h3>Espace Mondial<\/h3>\n<\/hgroup>\n<div><\/div>\n<\/header>\n<section>\n<div><a href=\"https:\/\/www.france-universite-numerique-mooc.fr\/courses\/SciencesPo\/05001\/Trimestre_1_2014\/about\" target=\"_blank\"><img decoding=\"async\" alt=\"05001 Espace Mondial Cover Image\" src=\"https:\/\/www.france-universite-numerique-mooc.fr\/c4x\/SciencesPo\/05001\/asset\/images_course_small.jpg\" \/><\/a><\/div>\n<div>\n<p style=\"text-align: justify;\">Comment le mondial reconstruit l\u2019action publique et les comportements sociaux. Au-del\u00e0 d\u2019une conception exclusivement inter\u00e9tatique de la sc\u00e8ne mondiale, on verra comment les diff\u00e9rents acteurs, publics ou priv\u00e9s, individuels ou collectifs, politiques, \u00e9conomiques et sociaux, \u00e9changent et s\u2019opposent pour construire de nouvelles relations internationales.<\/p>\n<\/div>\n<\/section>\n<\/article>\n<\/li>\n<li>\n<article id=\"SciencesPo\/05004\/Trimestre_1_2014\">\n<header>\n<hgroup>\n<h3>Scientific Humanities<\/h3>\n<\/hgroup>\n<div><\/div>\n<\/header>\n<section>\n<div><a href=\"https:\/\/www.france-universite-numerique-mooc.fr\/courses\/SciencesPo\/05004\/Trimestre_1_2014\/about\" target=\"_blank\"><img decoding=\"async\" alt=\"05004 Scientific Humanities  Cover Image\" src=\"https:\/\/www.france-universite-numerique-mooc.fr\/c4x\/SciencesPo\/05004\/asset\/images_course_small.jpg\" \/><\/a><\/div>\n<div><\/div>\n<div>\n<div>\n<p style=\"text-align: justify;\">\u00ab\u00a0Scientific humanities\u00a0\u00bb means the extension of interpretative skills to the discoveries made by science and to technical innovations. The course will equip future citizens with the means to be at ease with many issues that straddle the distinctions between science, morality, politics and society.<\/p>\n<\/div>\n<\/div>\n<\/section>\n<\/article>\n<\/li>\n<\/ul>\n<\/section>\n<\/section>\n","protected":false},"excerpt":{"rendered":"<p>Sciences Po est une institution d\u2019enseignement sup\u00e9rieur et de recherche en sciences humaines et sociales qui consacre 35% de son budget \u00e0 la recherche. Fond\u00e9e en 1871, elle forme depuis 140 ans les responsables de demain, dans le secteur priv\u00e9 comme dans la haute administration, la politique et la recherche. Sciences Po se caract\u00e9rise par une internationalisation pouss\u00e9e : sur les 12 000 \u00e9tudiants que compte l\u2019\u00e9tablissement, 46% sont des \u00e9tudiants internationaux et viennent de plus de 150 pays. Sciences Po investit dans la responsabilit\u00e9 sociale et fait de la diversit\u00e9 sociale et culturelle une composante structurante de son identit\u00e9.<\/p>\n","protected":false},"author":1,"featured_media":0,"parent":27,"menu_order":4,"comment_status":"open","ping_status":"open","template":"","meta":{"footnotes":""},"class_list":["post-727","page","type-page","status-publish","hentry"],"_links":{"self":[{"href":"https:\/\/laphilo.com\/blog\/wp-json\/wp\/v2\/pages\/727","targetHints":{"allow":["GET"]}}],"collection":[{"href":"https:\/\/laphilo.com\/blog\/wp-json\/wp\/v2\/pages"}],"about":[{"href":"https:\/\/laphilo.com\/blog\/wp-json\/wp\/v2\/types\/page"}],"author":[{"embeddable":true,"href":"https:\/\/laphilo.com\/blog\/wp-json\/wp\/v2\/users\/1"}],"replies":[{"embeddable":true,"href":"https:\/\/laphilo.com\/blog\/wp-json\/wp\/v2\/comments?post=727"}],"version-history":[{"count":5,"href":"https:\/\/laphilo.com\/blog\/wp-json\/wp\/v2\/pages\/727\/revisions"}],"predecessor-version":[{"id":759,"href":"https:\/\/laphilo.com\/blog\/wp-json\/wp\/v2\/pages\/727\/revisions\/759"}],"up":[{"embeddable":true,"href":"https:\/\/laphilo.com\/blog\/wp-json\/wp\/v2\/pages\/27"}],"wp:attachment":[{"href":"https:\/\/laphilo.com\/blog\/wp-json\/wp\/v2\/media?parent=727"}],"curies":[{"name":"wp","href":"https:\/\/api.w.org\/{rel}","templated":true}]}}