{"id":664,"date":"2013-11-04T03:14:38","date_gmt":"2013-11-04T02:14:38","guid":{"rendered":"http:\/\/laphilo.com\/blog\/?page_id=664"},"modified":"2013-11-04T03:14:38","modified_gmt":"2013-11-04T02:14:38","slug":"le-cinema-de-david-lynch","status":"publish","type":"page","link":"https:\/\/laphilo.com\/blog\/cinephilo\/le-cinema-de-david-lynch\/","title":{"rendered":"Le cin\u00e9ma de David Lynch"},"content":{"rendered":"<p>Bient\u00f4t dossier sur le cin\u00e9ma de David Lynch et la philosophie<\/p>\n","protected":false},"excerpt":{"rendered":"<p>Bient\u00f4t dossier sur le cin\u00e9ma de David Lynch et la philosophie<\/p>\n","protected":false},"author":1,"featured_media":0,"parent":584,"menu_order":0,"comment_status":"open","ping_status":"open","template":"","meta":{"footnotes":""},"class_list":["post-664","page","type-page","status-publish","hentry"],"_links":{"self":[{"href":"https:\/\/laphilo.com\/blog\/wp-json\/wp\/v2\/pages\/664","targetHints":{"allow":["GET"]}}],"collection":[{"href":"https:\/\/laphilo.com\/blog\/wp-json\/wp\/v2\/pages"}],"about":[{"href":"https:\/\/laphilo.com\/blog\/wp-json\/wp\/v2\/types\/page"}],"author":[{"embeddable":true,"href":"https:\/\/laphilo.com\/blog\/wp-json\/wp\/v2\/users\/1"}],"replies":[{"embeddable":true,"href":"https:\/\/laphilo.com\/blog\/wp-json\/wp\/v2\/comments?post=664"}],"version-history":[{"count":1,"href":"https:\/\/laphilo.com\/blog\/wp-json\/wp\/v2\/pages\/664\/revisions"}],"predecessor-version":[{"id":665,"href":"https:\/\/laphilo.com\/blog\/wp-json\/wp\/v2\/pages\/664\/revisions\/665"}],"up":[{"embeddable":true,"href":"https:\/\/laphilo.com\/blog\/wp-json\/wp\/v2\/pages\/584"}],"wp:attachment":[{"href":"https:\/\/laphilo.com\/blog\/wp-json\/wp\/v2\/media?parent=664"}],"curies":[{"name":"wp","href":"https:\/\/api.w.org\/{rel}","templated":true}]}}