{"id":297,"date":"2012-10-23T13:34:16","date_gmt":"2012-10-23T17:34:16","guid":{"rendered":"http:\/\/cyberphilo.net\/?page_id=297"},"modified":"2016-05-29T15:11:37","modified_gmt":"2016-05-29T19:11:37","slug":"objectif-bac","status":"publish","type":"page","link":"https:\/\/laphilo.com\/blog\/objectif-bac\/","title":{"rendered":"PhiloBac"},"content":{"rendered":"<h2><a href=\"http:\/\/cyberphilo.net\/objectif-bac\/socrate-et-platon\/#main\" rel=\"attachment wp-att-316\"><img loading=\"lazy\" decoding=\"async\" class=\"size-full wp-image-316 alignleft\" title=\"Socrate et Platon\" src=\"http:\/\/laphilo.com\/blog\/wp-content\/uploads\/2012\/10\/socrate-et-platon.jpg\" alt=\"\" width=\"223\" height=\"236\" \/><\/a><\/h2>\n<h2>Les programmes de philosophie<\/h2>\n<ul>\n<li>en terminale g\u00e9n\u00e9rale L, ES et S<\/li>\n<li>en classe de terminale technologique STi2d<\/li>\n<\/ul>\n<h2>L&rsquo;\u00e9preuve \u00e9crite de philosophie au baccalaur\u00e9at<\/h2>\n<ul>\n<li><strong>La dissertation philosophique<\/strong>\n<ul>\n<li><a href=\"http:\/\/www.netprof.fr\/Voir-le-cours-en-video-flash\/Philosophie\/Terminale\/La-dissertation-theorie-de-la-methode,3,5,3,1.aspx#.UIcArcR8FCI.wordpress\" target=\"_blank\">La dissertation : th\u00e9orie de la m\u00e9thode en Vid\u00e9o<\/a><\/li>\n<li><a title=\"Tous les sujets de bac depuis 1996\" href=\"http:\/\/cyberphilo.net\/objectif-bac\/dissertation-philosophique-les-annales-du-bac\/\" target=\"_blank\">Les annales du bac<\/a><\/li>\n<\/ul>\n<\/li>\n<li><strong>L&rsquo;\u00e9tude philosophique de texte philosophique<\/strong>\n<ul>\n<li>Les annales du bac<\/li>\n<\/ul>\n<\/li>\n<\/ul>\n<h2>L&rsquo;\u00e9preuve orale de philosophie au baccalaur\u00e9at<\/h2>\n<ul>\n<li>L&rsquo;\u00e9tude philosophique d&rsquo;une oeuvre philosophique<\/li>\n<\/ul>\n<h2><strong>R\u00e9visions pour le baccalaur\u00e9at<\/strong><\/h2>\n<ul>\n<li><a href=\"http:\/\/laphilo.com\/blog\/objectif-bac\/speciale-revisions-bacphilo\/\">R\u00e9viser les notions avec le PhiloBlog<\/a><\/li>\n<\/ul>\n","protected":false},"excerpt":{"rendered":"<p>Les programmes de philosophie en terminale g\u00e9n\u00e9rale L, ES et S en classe de terminale technologique STi2d L&rsquo;\u00e9preuve \u00e9crite de philosophie au baccalaur\u00e9at La dissertation philosophique La dissertation : th\u00e9orie de la m\u00e9thode en Vid\u00e9o Les annales du bac L&rsquo;\u00e9tude philosophique de texte philosophique Les annales du bac L&rsquo;\u00e9preuve orale de philosophie au baccalaur\u00e9at L&rsquo;\u00e9tude philosophique d&rsquo;une oeuvre philosophique R\u00e9visions pour le baccalaur\u00e9at R\u00e9viser les notions avec le PhiloBlog<\/p>\n","protected":false},"author":2,"featured_media":0,"parent":0,"menu_order":3,"comment_status":"open","ping_status":"open","template":"","meta":{"footnotes":""},"class_list":["post-297","page","type-page","status-publish","hentry"],"_links":{"self":[{"href":"https:\/\/laphilo.com\/blog\/wp-json\/wp\/v2\/pages\/297","targetHints":{"allow":["GET"]}}],"collection":[{"href":"https:\/\/laphilo.com\/blog\/wp-json\/wp\/v2\/pages"}],"about":[{"href":"https:\/\/laphilo.com\/blog\/wp-json\/wp\/v2\/types\/page"}],"author":[{"embeddable":true,"href":"https:\/\/laphilo.com\/blog\/wp-json\/wp\/v2\/users\/2"}],"replies":[{"embeddable":true,"href":"https:\/\/laphilo.com\/blog\/wp-json\/wp\/v2\/comments?post=297"}],"version-history":[{"count":4,"href":"https:\/\/laphilo.com\/blog\/wp-json\/wp\/v2\/pages\/297\/revisions"}],"predecessor-version":[{"id":1424,"href":"https:\/\/laphilo.com\/blog\/wp-json\/wp\/v2\/pages\/297\/revisions\/1424"}],"wp:attachment":[{"href":"https:\/\/laphilo.com\/blog\/wp-json\/wp\/v2\/media?parent=297"}],"curies":[{"name":"wp","href":"https:\/\/api.w.org\/{rel}","templated":true}]}}