{"id":27,"date":"2012-09-19T17:51:16","date_gmt":"2012-09-19T21:51:16","guid":{"rendered":"http:\/\/cyberphilo.wordpress.com\/?page_id=27"},"modified":"2013-11-03T21:29:47","modified_gmt":"2013-11-03T20:29:47","slug":"atelier-sciencespo","status":"publish","type":"page","link":"https:\/\/laphilo.com\/blog\/atelier-sciencespo\/","title":{"rendered":"Atelier SciencesPo"},"content":{"rendered":"<p><img loading=\"lazy\" decoding=\"async\" class=\"size-full wp-image-327 alignnone\" title=\"lpo sciencespo\" alt=\"\" src=\"http:\/\/laphilo.com\/blog\/wp-content\/uploads\/2012\/11\/lpo-sciencespo1.jpg\" width=\"1176\" height=\"831\" srcset=\"https:\/\/laphilo.com\/blog\/wp-content\/uploads\/2012\/11\/lpo-sciencespo1.jpg 5120w, https:\/\/laphilo.com\/blog\/wp-content\/uploads\/2012\/11\/lpo-sciencespo1-300x212.jpg 300w, https:\/\/laphilo.com\/blog\/wp-content\/uploads\/2012\/11\/lpo-sciencespo1-1024x724.jpg 1024w\" sizes=\"auto, (max-width: 1176px) 100vw, 1176px\" \/><\/p>\n<h2 style=\"text-align: justify;\">L&rsquo;atelier Science-Po du Lyc\u00e9e Polyvalent de Pointe-Noire<\/h2>\n<p><span style=\"color: #000080;\"><strong>Editorial : Bilan et perspective<\/strong><\/span><\/p>\n<p><span style=\"color: #000080;\"><a href=\"http:\/\/cyberphilo.net\/atelier-sciencespo\/presentation-de-latelier-sciences-po-du-lpo-de-pointe-noire\/\"><span style=\"color: #000080;\"><strong>Pr\u00e9sentation de l&rsquo;atelier<\/strong><\/span><\/a><\/span><\/p>\n<p><span style=\"color: #000080;\"><strong><a href=\"http:\/\/cyberphilo.net\/atelier-sciencespo\/sciences-po-au-lpo\/\"><span style=\"color: #000080;\">Lu dans le magazine du lyc\u00e9e<\/span><\/a><\/strong><\/span><\/p>\n<p><strong>&gt;&gt;&gt;&gt; L&rsquo;actualit\u00e9 au quotidien : <a title=\"Le journal de l'atelier sciences-po du LPO\" href=\"http:\/\/paper.li\/hervemoine\/1338606911?utm_source=subscription&amp;utm_medium=email&amp;utm_campaign=paper_sub\" target=\"_blank\">Le journal de l&rsquo;Atelier sciences-po du LPO<\/a>\u00a0&lt;&lt;&lt;&lt;<\/strong><\/p>\n<p><span style=\"color: #000080;\"><strong>Ann\u00e9e 2013\/2014<\/strong><\/span><\/p>\n<p><span style=\"color: #000080;\"><strong>Archives 2012\/2013<!--more--><\/strong><\/span><\/p>\n<h3 style=\"text-align: justify;\">1\u00e8re phase de l&rsquo;atelier : Approche de l&rsquo;actualit\u00e9 et culture g\u00e9n\u00e9rale<\/h3>\n<p><strong>S\u00e9ance du 19 octobre 2012<\/strong><\/p>\n<ul>\n<li>Pr\u00e9sentation de l\u2019atelier et des modalit\u00e9s<\/li>\n<li>Pr\u00e9sentation de chacun avec centre d\u2019int\u00e9r\u00eat<\/li>\n<li>L\u2019actualit\u00e9 : le journal de Claire Servajean de France Inter 13h<\/li>\n<li>D\u00e9bat : \u00e0 propos des dessins de Mahomet par Charlie Hebdo<\/li>\n<\/ul>\n<p><strong>S\u00e9ance du 26 septembre 2012<\/strong><\/p>\n<ul>\n<li>La crise syrienne : support \u00e9mission \u00ab le dessous des cartes \u00bb<\/li>\n<li>Intervention de Monsieur Jacky Gross, professeur de sciences de l\u2019ing\u00e9nieur<\/li>\n<li>Pr\u00e9sentation d&rsquo;outils int\u00e9ressants en vue de la r\u00e9alisation du dossier de presse : mindview, evernote, captvty<\/li>\n<\/ul>\n<p><strong>S\u00e9ance du 3 octobre 2012<\/strong><\/p>\n<ul>\n<li>Travaux pratiques : pr\u00e9paration d\u2019une intervention sur un sujet d\u2019actualit\u00e9<\/li>\n<li>Enregistrement audio-visuel de chacune des interventions<\/li>\n<li>Rediffusion des enregistrements et critique des prestations<\/li>\n<\/ul>\n<p><strong>S\u00e9ance du 10 octobre 2012<\/strong><\/p>\n<ul>\n<li>Intervention de Monsieur Nicolas Ch\u00e9ron, professeur de SES sur le th\u00e8me de la Mondialisation et de la g\u00e9opolitique.<\/li>\n<li>Exemple L\u2019Iran et le p\u00e9trole<\/li>\n<\/ul>\n<p><strong>S\u00e9ance du 17 octobre 2012<\/strong><\/p>\n<ul>\n<li>Intervention de Monsieur Guillaume Bosc, professeur d\u2019histoire g\u00e9ographie sur le th\u00e8me de la droite et de la gauche<\/li>\n<li>Travaux pratiques : mini-d\u00e9bats sur diff\u00e9rents th\u00e8mes d\u2019actualit\u00e9 en reprenant les arguments de la droite et de la gauche<\/li>\n<\/ul>\n<p><strong>S\u00e9ance du 24 octobre 2012<\/strong><\/p>\n<ul>\n<li>Intervention de Madame Patricia Sapotille, professeur de SES, sur le th\u00e8me du travail et du ch\u00f4mage ;<\/li>\n<li>Echange sur l\u2019int\u00e9gration et l\u2019exclusion<\/li>\n<\/ul>\n<h3>2\u00e8me phase de l&rsquo;atelier : la collecte d&rsquo;articles pour le dossier de presse<\/h3>\n<p style=\"text-align: justify;\">Pendant une dur\u00e9e de 10 semaines, depuis la Toussaint jusqu&rsquo;en janvier 2013, \u00a0nous devons collecter des articles parus dans les journaux et magazines pour r\u00e9aliser un dossier de presse. Celui-ci doit porter sur un th\u00e8me particulier couvert par l&rsquo;actualit\u00e9 et les m\u00e9dias. Les articles devront obligatoirement \u00eatre des articles sign\u00e9s, c&rsquo;est-\u00e0-dire des articles de journalistes et non des d\u00e9p\u00eaches d&rsquo;agences de presse, comme l&rsquo;AFP (Agence France Presse). Ils peuvent \u00eatre issus de la presse \u00e9trang\u00e8re, auquel cas, il conviendra de les traduire. Au termes de ces 10 semaines de collecte, il conviendra d&rsquo;extraire une douzaine d&rsquo;articles particuli\u00e8rement pertinents et pouvant se compl\u00e9ter. Le dossier devra donner lieu \u00e0 une synth\u00e8se qui op\u00e9rera le lien entre les articles choisis et \u00e0 une r\u00e9flexion personnelle qui portera sur une probl\u00e9matique qui aura \u00e9t\u00e9 construite avec soin.<\/p>\n<p style=\"text-align: justify;\">Pour l&rsquo;instant, \u00e0 la date du 14 novembre 2012, nous avons d\u00e9gag\u00e9 une douzaine de th\u00e8mes. Certains dispara\u00eetront et d&rsquo;autres appara\u00eetrons, actualit\u00e9 oblige. Il est cependant important de trouver assez rapidement un th\u00e8me porteur qui sera couvert par les m\u00e9dias durant ces 10 semaines, et ainsi avoir de la mati\u00e8re.<\/p>\n<p style=\"text-align: justify;\">Proposons-nous ce que l&rsquo;on peut appeler une veille d&rsquo;actualit\u00e9. Si chacun devra \u00eatre particuli\u00e8rement attentif \u00e0 l&rsquo;actualit\u00e9 de son th\u00e8me choisi, il n&rsquo;est pas pensable de ne pas ou de ne plus s&rsquo;int\u00e9resser \u00e0 l&rsquo;actualit\u00e9 de mani\u00e8re g\u00e9n\u00e9rale. Ainsi, au fil de l&rsquo;actualit\u00e9, nous rencontrerons n\u00e9cessairement des articles de presse ou verrons des \u00e9missions de t\u00e9l\u00e9vision ou \u00e9couterons des \u00e9missions de radio concernant les th\u00e9matiques choisis par les autres membres de l&rsquo;atelier. Ainsi, autant qu&rsquo;il sera possible, nous devrons signaler aux uns et aux autres, des titres d&rsquo;articles et d&rsquo;ouvrages, des liens vers des articles ou des sites internet&#8230;<\/p>\n<p><strong>Voici les th\u00e8mes<\/strong> d\u00e9gag\u00e9s lors de la s\u00e9ance du 13 novembre 2012.<\/p>\n<p><em>Cette liste est \u00e9videmment \u00e9volutive et sera donc r\u00e9guli\u00e8rement mise \u00e0 jour. En rouge les th\u00e8mes qui feront l&rsquo;objet d&rsquo;un dossier de presse<\/em><\/p>\n<ul>\n<li>Th\u00e8me 1 : Le racisme<\/li>\n<li>Th\u00e8me 2 : Changer le monde<\/li>\n<li>Th\u00e8me 3 : L&rsquo;industrie pharmaceutique<\/li>\n<li><span style=\"color: #ff0000;\">Th\u00e8me 4 : Femmes du monde arabe<\/span><\/li>\n<li><span style=\"color: #ff0000;\">Th\u00e8me 5 : OGM (Organismes G\u00e9n\u00e9tiquement Modifi\u00e9s)<\/span><\/li>\n<li><span style=\"color: #ff0000;\">Th\u00e8me 6 : R\u00e9\u00e9lection du Pr\u00e9sident Obama aux Etats-Unis<\/span><\/li>\n<li>Th\u00e8me 7 : Comparaison Chine \/ Etats-Unis<\/li>\n<li>Th\u00e8me 8 : L&rsquo;affaire Merah<\/li>\n<li><span style=\"color: #ff0000;\">Th\u00e8me 9 : Le Qatar<\/span><\/li>\n<li>Th\u00e8me 10 : Le sexe chez les politiques<\/li>\n<li>Th\u00e8me 11 : Le Made in France et la comp\u00e9titivit\u00e9<\/li>\n<li><span style=\"color: #ff0000;\">Th\u00e8me 12 : Les mesures du Pr\u00e9sident Hollande<\/span><\/li>\n<li>Th\u00e8me 13 : La violence scolaire<\/li>\n<li>Th\u00e8me 14 : Les Etats-Unis, premi\u00e8re puissance mondiale ?<\/li>\n<li><span style=\"color: #ff0000;\">Th\u00e8me 15 : L&rsquo;UMP : le conflit Cop\u00e9 \/ Fillon<\/span><\/li>\n<li><span style=\"color: #ff0000;\">Th\u00e8me 16 : La transition \u00e9nerg\u00e9tique en France<\/span><\/li>\n<li><span style=\"color: #ff0000;\">Th\u00e8me 17 : Le \u00ab\u00a0soft power\u00a0\u00bb Cor\u00e9en<\/span><\/li>\n<li><span style=\"color: #ff0000;\">Th\u00e8me 18 : Le mariage pour tous<\/span><\/li>\n<li><span style=\"color: #ff0000;\">Th\u00e8me 19 : Le Rwanda<\/span><\/li>\n<\/ul>\n<p><strong>S\u00e9ance du 13 novembre 2012<\/strong><\/p>\n<p>Chaque candidat pr\u00e9sente \u00e0 l&rsquo;atelier son travail de vacances qui \u00e9tait de trouver un th\u00e8me pouvant \u00eatre couvert par l&rsquo;actualit\u00e9 et donner lieu \u00e0 la r\u00e9alisation du dossier de presse.<\/p>\n<p><strong>S\u00e9ance du 21 novembre 2012<\/strong><\/p>\n<ul>\n<li>L&rsquo;actualit\u00e9 du moment : \u00e9vocation des grand th\u00e8mes d&rsquo;actualit\u00e9<\/li>\n<li>Travail sur les dossiers.<\/li>\n<\/ul>\n<p><strong>S\u00e9ance du 28 novembre 2012<\/strong><\/p>\n<ul>\n<li>Reportage et d\u00e9bat sur la d\u00e9croissance<\/li>\n<li>Travail sur les th\u00e9matiques des dossiers de presse<\/li>\n<\/ul>\n<p><strong>S\u00e9ance du 5 d\u00e9cembre 2012<\/strong><\/p>\n<ul>\n<li>Reportage sur la les femmes dans le monde arabe<\/li>\n<\/ul>\n<p><strong>S\u00e9ance du 12 d\u00e9cembre 2012<\/strong><\/p>\n<ul>\n<li>L&rsquo;actualit\u00e9 du jour : le journal de 13 de France Inter<\/li>\n<li>Travail sur 3 articles sur ArcelorMittal<\/li>\n<\/ul>\n<p><strong>S\u00e9ance du 19 d\u00e9cembre 2012<\/strong><\/p>\n<ul>\n<li>A partir du drame de Newtown, r\u00e9flexion sur la vente d&rsquo;armes aux Etats-Unis<\/li>\n<li>Exemple de dossier de presse : synth\u00e8se et r\u00e9flexion<\/li>\n<\/ul>\n<h3>3\u00e8me phase de l\u2019atelier : Constitution du dossier de presse et r\u00e9daction des notes de synth\u00e8se et de r\u00e9flexion<\/h3>\n<p><span style=\"color: #ff0000;\"><strong>Le dossier doit \u00eatre rendu pour ultime correction avant impression le 8 f\u00e9vrier 2013<\/strong><\/span><\/p>\n<p><strong>S\u00e9ance du 9 janvier 2013<\/strong><\/p>\n<ul>\n<li>Actualit\u00e9s : le 13h de France Inter, Journal de Claire Servajean<\/li>\n<li>Bilan sur le choix des articles de presse pour la constitution du dossier. Fin de la p\u00e9riode de collecte : mardi 8 janvier 2013<\/li>\n<\/ul>\n<p><strong>Lundi 14 janvier 2013<\/strong><\/p>\n<ul>\n<li><span style=\"font-size: 16px;\">Intervention de la d\u00e9l\u00e9gation de Sciences-Po au lyc\u00e9e<\/span><\/li>\n<\/ul>\n<p><strong>Mercredi 16 janvier 2013<\/strong><\/p>\n<ul style=\"font: inherit;\">\n<li style=\"font: inherit;\"><span style=\"font: inherit;\">Actualit\u00e9 br\u00fblante : l&rsquo;intervention fran\u00e7aise au Mali<\/span><\/li>\n<li style=\"font: inherit;\">Travail sur les dossiers de chacun (3 professeurs \u00e0 disposition des \u00e9l\u00e8ves : Madame Patricia Sapotille, Messieurs Nicolas Ch\u00e9ron et Herv\u00e9 Moine)<\/li>\n<\/ul>\n<p><strong>Lundi 21 janvier 2013<\/strong><\/p>\n<p>D\u00e9placement au Lamentin pour une conf\u00e9rence sur les relations franco-allemande, \u00e0 l&rsquo;occasion du 50\u00e8me anniversaire du Trait\u00e9 de l&rsquo;Elys\u00e9e.<\/p>\n<p><strong>S\u00e9ance 30 janvier 2013<\/strong><\/p>\n<p>Rapide bilan de la conf\u00e9rence de lundi 21 janvier 2013 au Lamentin<\/p>\n<p>Travail sur le dossier de presse<\/p>\n<p><strong>S\u00e9ance 6 f\u00e9vrier 2013<\/strong><\/p>\n<ul>\n<li><span style=\"font-size: 16px;\">Travail sur le dossier de presse<\/span><\/li>\n<li><span style=\"font-size: 16px;\">Pr\u00e9sentation d&rsquo;un exemple de note de synth\u00e8se et de note de r\u00e9flexion \u00e0 partir d&rsquo;un corpus d&rsquo;articles<\/span><\/li>\n<\/ul>\n<p><strong>Semaine du 11 f\u00e9vrier 2013 : vacances de Carnaval<\/strong><\/p>\n<p>=&gt; En profiter pour achever le dossier<\/p>\n<p><strong>Semaine 18 f\u00e9vrier 2013 : bac-blanc<\/strong><\/p>\n<p>Le bac-blanc doit \u00eatre particuli\u00e8rement soign\u00e9, il compte dans l&rsquo;\u00e9laboration du projet sciences-po, puisque devra figurer dans le dossier une copie de philosophie ou d&rsquo;histoire-g\u00e9ographie ou de sciences-\u00e9conomiques et sociales. Il va sans dire que cette copie devra avoir re\u00e7u la meilleure note possible.<\/p>\n<p><strong><span style=\"color: #ff0000;\">Apr\u00e8s le bac-blanc commencera la phase de pr\u00e9paration \u00e0 l&rsquo;oral d&rsquo;admissibilit\u00e9 du 22 mars 2013. Les dossiers seront donc corrig\u00e9s et boucl\u00e9s, pr\u00eats \u00e0 l&rsquo;envoi aux membres du jury d&rsquo;admissibilit\u00e9.<\/span><\/strong><\/p>\n","protected":false},"excerpt":{"rendered":"<p>L&rsquo;atelier Science-Po du Lyc\u00e9e Polyvalent de Pointe-Noire Editorial : Bilan et perspective Pr\u00e9sentation de l&rsquo;atelier Lu dans le magazine du lyc\u00e9e &gt;&gt;&gt;&gt; L&rsquo;actualit\u00e9 au quotidien : Le journal de l&rsquo;Atelier sciences-po du LPO\u00a0&lt;&lt;&lt;&lt; Ann\u00e9e 2013\/2014 Archives 2012\/2013<\/p>\n","protected":false},"author":2,"featured_media":0,"parent":0,"menu_order":8,"comment_status":"open","ping_status":"open","template":"","meta":{"footnotes":""},"class_list":["post-27","page","type-page","status-publish","hentry"],"_links":{"self":[{"href":"https:\/\/laphilo.com\/blog\/wp-json\/wp\/v2\/pages\/27","targetHints":{"allow":["GET"]}}],"collection":[{"href":"https:\/\/laphilo.com\/blog\/wp-json\/wp\/v2\/pages"}],"about":[{"href":"https:\/\/laphilo.com\/blog\/wp-json\/wp\/v2\/types\/page"}],"author":[{"embeddable":true,"href":"https:\/\/laphilo.com\/blog\/wp-json\/wp\/v2\/users\/2"}],"replies":[{"embeddable":true,"href":"https:\/\/laphilo.com\/blog\/wp-json\/wp\/v2\/comments?post=27"}],"version-history":[{"count":2,"href":"https:\/\/laphilo.com\/blog\/wp-json\/wp\/v2\/pages\/27\/revisions"}],"predecessor-version":[{"id":641,"href":"https:\/\/laphilo.com\/blog\/wp-json\/wp\/v2\/pages\/27\/revisions\/641"}],"wp:attachment":[{"href":"https:\/\/laphilo.com\/blog\/wp-json\/wp\/v2\/media?parent=27"}],"curies":[{"name":"wp","href":"https:\/\/api.w.org\/{rel}","templated":true}]}}